{"id":786,"date":"2021-03-26T10:18:59","date_gmt":"2021-03-26T09:18:59","guid":{"rendered":"https:\/\/www.roboptic.fr\/?page_id=786"},"modified":"2021-05-28T15:12:40","modified_gmt":"2021-05-28T14:12:40","slug":"prestation","status":"publish","type":"page","link":"https:\/\/www.roboptic.fr\/index.php\/prestation\/","title":{"rendered":"Prestation"},"content":{"rendered":"\t\t<div data-elementor-type=\"wp-page\" data-elementor-id=\"786\" class=\"elementor elementor-786\" data-elementor-settings=\"[]\">\n\t\t\t\t\t\t\t<div class=\"elementor-section-wrap\">\n\t\t\t\t\t\t\t<section class=\"elementor-section elementor-top-section elementor-element elementor-element-1d24296 elementor-section-boxed elementor-section-height-default elementor-section-height-default\" data-id=\"1d24296\" data-element_type=\"section\">\n\t\t\t\t\t\t<div class=\"elementor-container elementor-column-gap-default\">\n\t\t\t\t\t<div class=\"elementor-column elementor-col-100 elementor-top-column elementor-element elementor-element-aef64f3\" data-id=\"aef64f3\" data-element_type=\"column\">\n\t\t\t<div class=\"elementor-widget-wrap elementor-element-populated\">\n\t\t\t\t\t\t\t\t<div class=\"elementor-element elementor-element-0b60037 elementor-widget elementor-widget-image\" data-id=\"0b60037\" data-element_type=\"widget\" data-widget_type=\"image.default\">\n\t\t\t\t<div class=\"elementor-widget-container\">\n\t\t\t\t\t<div class=\"elementor-image\">\n\t\t\t\t\t\t\t\t\t\t<img width=\"629\" height=\"157\" src=\"https:\/\/www.roboptic.fr\/wp-content\/uploads\/2016\/09\/PL8.bmp\" class=\"attachment-large size-large\" alt=\"\" loading=\"lazy\" \/>\t\t\t\t\t\t\t\t\t\t\t<\/div>\n\t\t\t\t<\/div>\n\t\t\t\t<\/div>\n\t\t\t\t\t<\/div>\n\t\t<\/div>\n\t\t\t\t\t\t\t<\/div>\n\t\t<\/section>\n\t\t\t\t<section class=\"elementor-section elementor-top-section elementor-element elementor-element-b7c1f26 elementor-section-boxed elementor-section-height-default elementor-section-height-default\" data-id=\"b7c1f26\" data-element_type=\"section\">\n\t\t\t\t\t\t<div class=\"elementor-container elementor-column-gap-default\">\n\t\t\t\t\t<div class=\"elementor-column elementor-col-100 elementor-top-column elementor-element elementor-element-2af5476\" data-id=\"2af5476\" data-element_type=\"column\">\n\t\t\t<div class=\"elementor-widget-wrap elementor-element-populated\">\n\t\t\t\t\t\t\t\t<div class=\"elementor-element elementor-element-1e384f0 elementor-widget elementor-widget-text-editor\" data-id=\"1e384f0\" data-element_type=\"widget\" data-widget_type=\"text-editor.default\">\n\t\t\t\t<div class=\"elementor-widget-container\">\n\t\t\t\t\t<div class=\"elementor-text-editor elementor-clearfix\"><p style=\"text-align: justify;\">Roboptic r\u00e9pond \u00e0 tous types de besoins : implantation d\u2019un poste sur une ligne existante, cr\u00e9ation d\u2019une nouvelle machine compl\u00e8te, mise \u00e0 jour de postes existants et maintenance. Nous pouvons intervenir en France et \u00e0 l\u2019\u00e9tranger. Nous nous adaptons \u00e0 chaque client en fournissant soit la cam\u00e9ra seule avec l\u2019\u00e9clairage, soit le robot seul avec son pr\u00e9henseur, soit la cellule compl\u00e8te. Nous pouvons \u00e9galement r\u00e9aliser du SAV en modifiant un programme (vision\/robot) afin de le moderniser ou en rempla\u00e7ant du mat\u00e9riel ancien.<\/p><\/div>\n\t\t\t\t<\/div>\n\t\t\t\t<\/div>\n\t\t\t\t\t<\/div>\n\t\t<\/div>\n\t\t\t\t\t\t\t<\/div>\n\t\t<\/section>\n\t\t\t\t<section class=\"elementor-section elementor-top-section elementor-element elementor-element-40bf256 elementor-section-boxed elementor-section-height-default elementor-section-height-default\" data-id=\"40bf256\" data-element_type=\"section\">\n\t\t\t\t\t\t<div class=\"elementor-container elementor-column-gap-default\">\n\t\t\t\t\t<div class=\"elementor-column elementor-col-100 elementor-top-column elementor-element elementor-element-0e37ef9\" data-id=\"0e37ef9\" data-element_type=\"column\">\n\t\t\t<div class=\"elementor-widget-wrap elementor-element-populated\">\n\t\t\t\t\t\t\t\t<div class=\"elementor-element elementor-element-a386efd elementor-widget elementor-widget-text-editor\" data-id=\"a386efd\" data-element_type=\"widget\" data-widget_type=\"text-editor.default\">\n\t\t\t\t<div class=\"elementor-widget-container\">\n\t\t\t\t\t<div class=\"elementor-text-editor elementor-clearfix\"><p style=\"text-align: justify;\">Nous travaillons avec vous afin de d\u00e9finir l\u2019ensemble du cahier des charges pour trouver les meilleures solutions technologiques et \u00e9conomiques. Nous pouvons nous d\u00e9placer dans vos locaux pour comprendre au mieux vos process de productions et vos besoins.<\/p><\/div>\n\t\t\t\t<\/div>\n\t\t\t\t<\/div>\n\t\t\t\t\t<\/div>\n\t\t<\/div>\n\t\t\t\t\t\t\t<\/div>\n\t\t<\/section>\n\t\t\t\t<section class=\"elementor-section elementor-top-section elementor-element elementor-element-672adb9 elementor-section-boxed elementor-section-height-default elementor-section-height-default\" data-id=\"672adb9\" data-element_type=\"section\">\n\t\t\t\t\t\t<div class=\"elementor-container elementor-column-gap-default\">\n\t\t\t\t\t<div class=\"elementor-column elementor-col-100 elementor-top-column elementor-element elementor-element-c040420\" data-id=\"c040420\" data-element_type=\"column\">\n\t\t\t<div class=\"elementor-widget-wrap elementor-element-populated\">\n\t\t\t\t\t\t\t\t<div class=\"elementor-element elementor-element-2bdf9d1 elementor-widget elementor-widget-image\" data-id=\"2bdf9d1\" data-element_type=\"widget\" data-widget_type=\"image.default\">\n\t\t\t\t<div class=\"elementor-widget-container\">\n\t\t\t\t\t<div class=\"elementor-image\">\n\t\t\t\t\t\t\t\t\t\t<img width=\"1024\" height=\"287\" src=\"https:\/\/www.roboptic.fr\/wp-content\/uploads\/2019\/10\/Prestations-1024x287.png\" class=\"attachment-large size-large\" alt=\"\" loading=\"lazy\" srcset=\"https:\/\/www.roboptic.fr\/wp-content\/uploads\/2019\/10\/Prestations-1024x287.png 1024w, https:\/\/www.roboptic.fr\/wp-content\/uploads\/2019\/10\/Prestations-300x84.png 300w, https:\/\/www.roboptic.fr\/wp-content\/uploads\/2019\/10\/Prestations-768x215.png 768w, https:\/\/www.roboptic.fr\/wp-content\/uploads\/2019\/10\/Prestations-800x224.png 800w, https:\/\/www.roboptic.fr\/wp-content\/uploads\/2019\/10\/Prestations.png 1205w\" sizes=\"(max-width: 1024px) 100vw, 1024px\" \/>\t\t\t\t\t\t\t\t\t\t\t<\/div>\n\t\t\t\t<\/div>\n\t\t\t\t<\/div>\n\t\t\t\t\t<\/div>\n\t\t<\/div>\n\t\t\t\t\t\t\t<\/div>\n\t\t<\/section>\n\t\t\t\t<section class=\"elementor-section elementor-top-section elementor-element elementor-element-01297cf elementor-section-boxed elementor-section-height-default elementor-section-height-default\" data-id=\"01297cf\" data-element_type=\"section\">\n\t\t\t\t\t\t<div class=\"elementor-container elementor-column-gap-default\">\n\t\t\t\t\t<div class=\"elementor-column elementor-col-100 elementor-top-column elementor-element elementor-element-540fc26\" data-id=\"540fc26\" data-element_type=\"column\">\n\t\t\t<div class=\"elementor-widget-wrap elementor-element-populated\">\n\t\t\t\t\t\t\t\t<div class=\"elementor-element elementor-element-f66dd14 elementor-widget elementor-widget-text-editor\" data-id=\"f66dd14\" data-element_type=\"widget\" data-widget_type=\"text-editor.default\">\n\t\t\t\t<div class=\"elementor-widget-container\">\n\t\t\t\t\t<div class=\"elementor-text-editor elementor-clearfix\"><p style=\"text-align: justify;\">Pour r\u00e9pondre \u00e0 vos demande, nous r\u00e9alisons des \u00e9tudes de faisabilit\u00e9s sur vos pi\u00e8ces dans nos locaux afin d\u2019\u00eatre dans les meilleures conditions possibles. Dans certain cas, nous pouvons planifier une intervention directement sur vos lignes de production dans le but de r\u00e9aliser nos tests en conditions r\u00e9elles. Ces \u00e9tudes nous permettent de valider ensemble la solution la plus rentable et la plus robuste.<\/p><\/div>\n\t\t\t\t<\/div>\n\t\t\t\t<\/div>\n\t\t\t\t\t<\/div>\n\t\t<\/div>\n\t\t\t\t\t\t\t<\/div>\n\t\t<\/section>\n\t\t\t\t<section class=\"elementor-section elementor-top-section elementor-element elementor-element-53d4c3e elementor-section-boxed elementor-section-height-default elementor-section-height-default\" data-id=\"53d4c3e\" data-element_type=\"section\">\n\t\t\t\t\t\t<div class=\"elementor-container elementor-column-gap-default\">\n\t\t\t\t\t<div class=\"elementor-column elementor-col-100 elementor-top-column elementor-element elementor-element-573707e\" data-id=\"573707e\" data-element_type=\"column\">\n\t\t\t<div class=\"elementor-widget-wrap elementor-element-populated\">\n\t\t\t\t\t\t\t\t<div class=\"elementor-element elementor-element-209c384 elementor-widget elementor-widget-text-editor\" data-id=\"209c384\" data-element_type=\"widget\" data-widget_type=\"text-editor.default\">\n\t\t\t\t<div class=\"elementor-widget-container\">\n\t\t\t\t\t<div class=\"elementor-text-editor elementor-clearfix\"><p style=\"text-align: justify;\">Une fois le projet valid\u00e9, nous r\u00e9alisons et nous vous fournissons les analyses fonctionnelles, m\u00e9caniques, \u00e9lectriques et s\u00e9curit\u00e9 machine. Nous dessinons et mod\u00e9lisons nos plans sous SOLIDWORKS afin de pouvoir vous pr\u00e9senter les plans 2D et 3D de la machine. Cela nous permet de valider avec vous l\u2019encombrement ainsi que les diff\u00e9rentes fonctionnalit\u00e9s de celle-ci. Nous avons la possibilit\u00e9 d\u2019imprimer des pi\u00e8ces en 3D pour simuler les pr\u00e9henseurs ou valider une pi\u00e8ce de calibration avant de lancer leur usinage d\u00e9finitif.<\/p><\/div>\n\t\t\t\t<\/div>\n\t\t\t\t<\/div>\n\t\t\t\t\t<\/div>\n\t\t<\/div>\n\t\t\t\t\t\t\t<\/div>\n\t\t<\/section>\n\t\t\t\t<section class=\"elementor-section elementor-top-section elementor-element elementor-element-12c626c elementor-section-boxed elementor-section-height-default elementor-section-height-default\" data-id=\"12c626c\" data-element_type=\"section\">\n\t\t\t\t\t\t<div class=\"elementor-container elementor-column-gap-default\">\n\t\t\t\t\t<div class=\"elementor-column elementor-col-100 elementor-top-column elementor-element elementor-element-b1deb50\" data-id=\"b1deb50\" data-element_type=\"column\">\n\t\t\t<div class=\"elementor-widget-wrap elementor-element-populated\">\n\t\t\t\t\t\t\t\t<div class=\"elementor-element elementor-element-763c9fa elementor-arrows-position-inside elementor-pagination-position-outside elementor-widget elementor-widget-image-carousel\" data-id=\"763c9fa\" data-element_type=\"widget\" data-settings=\"{&quot;slides_to_show&quot;:&quot;1&quot;,&quot;navigation&quot;:&quot;both&quot;,&quot;autoplay&quot;:&quot;yes&quot;,&quot;pause_on_hover&quot;:&quot;yes&quot;,&quot;pause_on_interaction&quot;:&quot;yes&quot;,&quot;autoplay_speed&quot;:5000,&quot;infinite&quot;:&quot;yes&quot;,&quot;effect&quot;:&quot;slide&quot;,&quot;speed&quot;:500}\" data-widget_type=\"image-carousel.default\">\n\t\t\t\t<div class=\"elementor-widget-container\">\n\t\t\t\t\t<div class=\"elementor-image-carousel-wrapper swiper-container\" dir=\"ltr\">\n\t\t\t<div class=\"elementor-image-carousel swiper-wrapper\">\n\t\t\t\t<div class=\"swiper-slide\"><figure class=\"swiper-slide-inner\"><img class=\"swiper-slide-image\" src=\"https:\/\/www.roboptic.fr\/wp-content\/uploads\/2021\/03\/ensemble-3-768x351.png\" alt=\"ensemble 3\" \/><\/figure><\/div><div class=\"swiper-slide\"><figure class=\"swiper-slide-inner\"><img class=\"swiper-slide-image\" src=\"https:\/\/www.roboptic.fr\/wp-content\/uploads\/2021\/03\/ensemble-5-768x351.png\" alt=\"ensemble 5\" \/><\/figure><\/div><div class=\"swiper-slide\"><figure class=\"swiper-slide-inner\"><img class=\"swiper-slide-image\" src=\"https:\/\/www.roboptic.fr\/wp-content\/uploads\/2021\/03\/Mazak-VariaxisI600-v23-v10-768x345.png\" alt=\"Mazak VariaxisI600 v23 v10\" \/><\/figure><\/div><div class=\"swiper-slide\"><figure class=\"swiper-slide-inner\"><img class=\"swiper-slide-image\" src=\"https:\/\/www.roboptic.fr\/wp-content\/uploads\/2021\/03\/m2-768x345.png\" alt=\"m2\" \/><\/figure><\/div><div class=\"swiper-slide\"><figure class=\"swiper-slide-inner\"><img class=\"swiper-slide-image\" src=\"https:\/\/www.roboptic.fr\/wp-content\/uploads\/2021\/03\/Metis-R1-768x351.png\" alt=\"Metis R1\" \/><\/figure><\/div><div class=\"swiper-slide\"><figure class=\"swiper-slide-inner\"><img class=\"swiper-slide-image\" src=\"https:\/\/www.roboptic.fr\/wp-content\/uploads\/2021\/03\/Metis-R3-768x351.png\" alt=\"Metis R3\" \/><\/figure><\/div>\t\t\t<\/div>\n\t\t\t\t\t\t\t\t\t\t\t\t<div class=\"swiper-pagination\"><\/div>\n\t\t\t\t\t\t\t\t\t\t\t\t\t<div class=\"elementor-swiper-button elementor-swiper-button-prev\">\n\t\t\t\t\t\t<i class=\"eicon-chevron-left\" aria-hidden=\"true\"><\/i>\n\t\t\t\t\t\t<span class=\"elementor-screen-only\">Pr\u00e9c\u00e9dent<\/span>\n\t\t\t\t\t<\/div>\n\t\t\t\t\t<div class=\"elementor-swiper-button elementor-swiper-button-next\">\n\t\t\t\t\t\t<i class=\"eicon-chevron-right\" aria-hidden=\"true\"><\/i>\n\t\t\t\t\t\t<span class=\"elementor-screen-only\">Suivant<\/span>\n\t\t\t\t\t<\/div>\n\t\t\t\t\t\t\t\t\t<\/div>\n\t\t\t\t<\/div>\n\t\t\t\t<\/div>\n\t\t\t\t\t<\/div>\n\t\t<\/div>\n\t\t\t\t\t\t\t<\/div>\n\t\t<\/section>\n\t\t\t\t<section class=\"elementor-section elementor-top-section elementor-element elementor-element-157125a elementor-section-boxed elementor-section-height-default elementor-section-height-default\" data-id=\"157125a\" data-element_type=\"section\">\n\t\t\t\t\t\t<div class=\"elementor-container elementor-column-gap-default\">\n\t\t\t\t\t<div class=\"elementor-column elementor-col-100 elementor-top-column elementor-element elementor-element-e03b750\" data-id=\"e03b750\" data-element_type=\"column\">\n\t\t\t<div class=\"elementor-widget-wrap elementor-element-populated\">\n\t\t\t\t\t\t\t\t<div class=\"elementor-element elementor-element-473b196 elementor-widget elementor-widget-text-editor\" data-id=\"473b196\" data-element_type=\"widget\" data-widget_type=\"text-editor.default\">\n\t\t\t\t<div class=\"elementor-widget-container\">\n\t\t\t\t\t<div class=\"elementor-text-editor elementor-clearfix\"><p style=\"text-align: justify;\">Apr\u00e8s l\u2019installation dans vos locaux nous proc\u00e9dons \u00e0 des phases de calibration, de tests puis de qualification. Ensuite, nous restons disponibles pour vous former \u00e0 utiliser toutes les fonctionnalit\u00e9s de votre nouvelle machine.<\/p><\/div>\n\t\t\t\t<\/div>\n\t\t\t\t<\/div>\n\t\t\t\t\t<\/div>\n\t\t<\/div>\n\t\t\t\t\t\t\t<\/div>\n\t\t<\/section>\n\t\t\t\t<section class=\"elementor-section elementor-top-section elementor-element elementor-element-4b61add elementor-section-boxed elementor-section-height-default elementor-section-height-default\" data-id=\"4b61add\" data-element_type=\"section\">\n\t\t\t\t\t\t<div class=\"elementor-container elementor-column-gap-default\">\n\t\t\t\t\t<div class=\"elementor-column elementor-col-100 elementor-top-column elementor-element elementor-element-68ab1f9\" data-id=\"68ab1f9\" data-element_type=\"column\">\n\t\t\t<div class=\"elementor-widget-wrap elementor-element-populated\">\n\t\t\t\t\t\t\t\t<div class=\"elementor-element elementor-element-faf9a91 elementor-widget elementor-widget-text-editor\" data-id=\"faf9a91\" data-element_type=\"widget\" data-widget_type=\"text-editor.default\">\n\t\t\t\t<div class=\"elementor-widget-container\">\n\t\t\t\t\t<div class=\"elementor-text-editor elementor-clearfix\"><p style=\"text-align: justify;\">Nous proposons \u00e9galement un suivi des machines install\u00e9es afin de garantir de la maintenance et un SAV avec une certaine r\u00e9activit\u00e9. Ce service peut \u00eatre adapt\u00e9 en fonction de vos besoins.<\/p><\/div>\n\t\t\t\t<\/div>\n\t\t\t\t<\/div>\n\t\t\t\t\t<\/div>\n\t\t<\/div>\n\t\t\t\t\t\t\t<\/div>\n\t\t<\/section>\n\t\t\t\t\t\t<\/div>\n\t\t\t\t\t<\/div>\n\t\t","protected":false},"excerpt":{"rendered":"<p>Roboptic r\u00e9pond \u00e0 tous types de besoins : implantation d\u2019un poste sur une ligne existante, cr\u00e9ation d\u2019une nouvelle machine compl\u00e8te, mise \u00e0 jour de postes existants et maintenance. Nous pouvons intervenir en France et \u00e0 l\u2019\u00e9tranger. Nous nous adaptons \u00e0 chaque client en fournissant soit la cam\u00e9ra seule avec l\u2019\u00e9clairage, soit le robot seul avec son pr\u00e9henseur, soit la cellule compl\u00e8te. Nous pouvons \u00e9galement r\u00e9aliser du SAV en modifiant un\u2026<\/p>\n","protected":false},"author":2,"featured_media":0,"parent":0,"menu_order":0,"comment_status":"closed","ping_status":"closed","template":"","meta":[],"_links":{"self":[{"href":"https:\/\/www.roboptic.fr\/index.php\/wp-json\/wp\/v2\/pages\/786"}],"collection":[{"href":"https:\/\/www.roboptic.fr\/index.php\/wp-json\/wp\/v2\/pages"}],"about":[{"href":"https:\/\/www.roboptic.fr\/index.php\/wp-json\/wp\/v2\/types\/page"}],"author":[{"embeddable":true,"href":"https:\/\/www.roboptic.fr\/index.php\/wp-json\/wp\/v2\/users\/2"}],"replies":[{"embeddable":true,"href":"https:\/\/www.roboptic.fr\/index.php\/wp-json\/wp\/v2\/comments?post=786"}],"version-history":[{"count":8,"href":"https:\/\/www.roboptic.fr\/index.php\/wp-json\/wp\/v2\/pages\/786\/revisions"}],"predecessor-version":[{"id":1049,"href":"https:\/\/www.roboptic.fr\/index.php\/wp-json\/wp\/v2\/pages\/786\/revisions\/1049"}],"wp:attachment":[{"href":"https:\/\/www.roboptic.fr\/index.php\/wp-json\/wp\/v2\/media?parent=786"}],"curies":[{"name":"wp","href":"https:\/\/api.w.org\/{rel}","templated":true}]}}