{"id":39,"date":"2016-09-23T15:23:29","date_gmt":"2016-09-23T14:23:29","guid":{"rendered":"https:\/\/www.roboptic.fr\/\/?page_id=39"},"modified":"2023-05-04T14:56:20","modified_gmt":"2023-05-04T13:56:20","slug":"partenaires","status":"publish","type":"page","link":"https:\/\/www.roboptic.fr\/index.php\/partenaires\/","title":{"rendered":"Partenaires"},"content":{"rendered":"\t\t<div data-elementor-type=\"wp-page\" data-elementor-id=\"39\" class=\"elementor elementor-39\" data-elementor-settings=\"[]\">\n\t\t\t\t\t\t\t<div class=\"elementor-section-wrap\">\n\t\t\t\t\t\t\t<section class=\"elementor-section elementor-top-section elementor-element elementor-element-d7bd158 elementor-section-boxed elementor-section-height-default elementor-section-height-default\" data-id=\"d7bd158\" data-element_type=\"section\">\n\t\t\t\t\t\t<div class=\"elementor-container elementor-column-gap-default\">\n\t\t\t\t\t<div class=\"elementor-column elementor-col-100 elementor-top-column elementor-element elementor-element-15f8798d\" data-id=\"15f8798d\" data-element_type=\"column\">\n\t\t\t<div class=\"elementor-widget-wrap elementor-element-populated\">\n\t\t\t\t\t\t\t\t<div class=\"elementor-element elementor-element-c379b14 elementor-widget elementor-widget-text-editor\" data-id=\"c379b14\" data-element_type=\"widget\" data-widget_type=\"text-editor.default\">\n\t\t\t\t<div class=\"elementor-widget-container\">\n\t\t\t\t\t<div class=\"elementor-text-editor elementor-clearfix\"><p><!-- wp:heading --><\/p>\n<h2>En robotique et en vision industrielle<\/h2>\n<p><!-- \/wp:heading --><\/p>\n<p><!-- wp:heading {\"level\":3} --><\/p>\n<h3>Une relation de confiance garante de la qualit\u00e9 de nos services<\/h3>\n<p><!-- \/wp:heading --><\/p>\n<p><!-- wp:paragraph --><\/p>\n<p>Depuis de nombreuses ann\u00e9es, Roboptic s\u2019est entour\u00e9 des meilleurs partenaires pour vous assurer le meilleur de la <strong>Vision<\/strong> et de la <b>Robotique<\/b>.<\/p>\n<div class=\"wp-block-columns\">\n<p><!-- \/wp:column --><\/p>\n<\/div>\n<p><!-- \/wp:columns --><\/p>\n<p><!-- wp:separator {\"className\":\"is-style-wide\"} --><\/p>\n<hr class=\"wp-block-separator is-style-wide\" \/>\n<p><!-- \/wp:separator --><\/p>\n<p><!-- wp:columns --><\/p>\n<div class=\"wp-block-columns\">\n<p><!-- wp:column {\"verticalAlignment\":\"top\"} --><\/p>\n<div class=\"wp-block-column is-vertically-aligned-top\">\n<p><!-- wp:image {\"align\":\"left\",\"id\":253,\"linkDestination\":\"custom\"} --><\/p>\n<div class=\"wp-block-image\">\n<figure class=\"alignleft\"><a href=\"https:\/\/www.cognex.com\/fr-fr\"><img loading=\"lazy\" width=\"300\" height=\"154\" class=\"wp-image-253\" src=\"https:\/\/www.roboptic.fr\/wp-content\/uploads\/2019\/12\/psi-300x154.png\" alt=\"\" srcset=\"https:\/\/www.roboptic.fr\/wp-content\/uploads\/2019\/12\/psi-300x154.png 300w, https:\/\/www.roboptic.fr\/wp-content\/uploads\/2019\/12\/psi.png 416w\" sizes=\"(max-width: 300px) 100vw, 300px\" \/><\/a><\/figure>\n<\/div>\n<p><!-- \/wp:image --><\/p>\n<\/div>\n<p><!-- \/wp:column --><\/p>\n<p><!-- wp:column {\"verticalAlignment\":\"center\"} --><\/p>\n<div class=\"wp-block-column is-vertically-aligned-center\">\n<p><!-- wp:html --><\/p>\n<div>Nous sommes PSI Cognex, cela nous permet de travailler avec le leader mondial de la vision industrielle.<\/div>\n<p><br \/><!-- \/wp:html --><\/p>\n<p><!-- wp:paragraph --><\/p>\n<p><a href=\"https:\/\/www.cognex.com\/fr-fr\">www.cognex.com<\/a><\/p>\n<p><!-- \/wp:paragraph --><\/p>\n<\/div>\n<p><!-- \/wp:column --><\/p>\n<\/div>\n<p><!-- \/wp:columns --><\/p>\n<p><!-- wp:columns --><\/p>\n<div class=\"wp-block-columns\">\u00a0<\/div>\n<p><!-- \/wp:columns --><\/p>\n<p><!-- wp:columns --><\/p>\n<div class=\"wp-block-columns\">\n<p><!-- wp:column {\"width\":\"100%\"} --><\/p>\n<div class=\"wp-block-column\" style=\"flex-basis: 100%;\">\u00a0<\/div>\n<p><!-- \/wp:column --><\/p>\n<\/div>\n<p><!-- \/wp:columns --><\/p>\n<p><!-- wp:separator {\"className\":\"is-style-wide\"} --><\/p>\n<hr class=\"wp-block-separator is-style-wide\" \/>\n<p><!-- \/wp:separator --><\/p>\n<p><!-- wp:columns --><\/p>\n<div class=\"wp-block-columns\">\n<p><!-- wp:column --><\/p>\n<div class=\"wp-block-column\">\n<p><!-- wp:image --><\/p>\n<a href=\"https:\/\/www.reseau3r.com\/\"><img loading=\"lazy\" class=\"alignnone wp-image-1073 size-medium\" src=\"https:\/\/www.roboptic.fr\/wp-content\/uploads\/2023\/05\/3R-300x90.jpg\" alt=\"\" width=\"300\" height=\"90\" srcset=\"https:\/\/www.roboptic.fr\/wp-content\/uploads\/2023\/05\/3R-300x90.jpg 300w, https:\/\/www.roboptic.fr\/wp-content\/uploads\/2023\/05\/3R.jpg 547w\" sizes=\"(max-width: 300px) 100vw, 300px\" \/><\/a>\n<p><!-- \/wp:image --><\/p>\n<\/div>\n<p><!-- \/wp:column --><\/p>\n<p><!-- wp:column --><\/p>\n<div class=\"wp-block-column\">\n<p><!-- wp:paragraph --><\/p>\n<p><strong>Le R\u00e9seau Robotique R\u00e9gional, portail de la Robotique Industrielle\u2026<\/strong><\/p>\n<p><!-- \/wp:paragraph --><\/p>\n<p><!-- wp:html --><\/p>\n<div align=\"justify\">Ce R\u00e9seau 3R est au service des TPE et PME sp\u00e9cialis\u00e9es en Robotique Industrielle\u00a0<span class=\"orange bold italic\">en partant du principe que l&rsquo;union fait la force.<\/span><\/div>\n<p><br \/><!-- \/wp:html --><\/p>\n<p><!-- wp:paragraph {\"className\":\"text\"} --><\/p>\n<p class=\"text\"><a href=\"http:\/\/www.reseau3r.com\">www.reseau3r.com\u00a0<\/a><\/p>\n<p><!-- \/wp:paragraph --><\/p>\n<\/div>\n<p><!-- \/wp:column --><\/p>\n<\/div>\n<p><!-- \/wp:columns --><\/p>\n<p><!-- wp:separator {\"className\":\"is-style-wide\"} --><\/p>\n<hr class=\"wp-block-separator is-style-wide\" \/>\n<p><!-- \/wp:separator --><\/p><\/div>\n\t\t\t\t<\/div>\n\t\t\t\t<\/div>\n\t\t\t\t\t<\/div>\n\t\t<\/div>\n\t\t\t\t\t\t\t<\/div>\n\t\t<\/section>\n\t\t\t\t\t\t<\/div>\n\t\t\t\t\t<\/div>\n\t\t","protected":false},"excerpt":{"rendered":"<p>En robotique et en vision industrielle Une relation de confiance garante de la qualit\u00e9 de nos services Depuis de nombreuses ann\u00e9es, Roboptic s\u2019est entour\u00e9 des meilleurs partenaires pour vous assurer le meilleur de la Vision et de la Robotique. Nous sommes PSI Cognex, cela nous permet de travailler avec le leader mondial de la vision industrielle. www.cognex.com \u00a0 \u00a0 Le R\u00e9seau Robotique R\u00e9gional, portail de la Robotique Industrielle\u2026 Ce R\u00e9seau\u2026<\/p>\n","protected":false},"author":1,"featured_media":0,"parent":0,"menu_order":0,"comment_status":"closed","ping_status":"closed","template":"","meta":[],"_links":{"self":[{"href":"https:\/\/www.roboptic.fr\/index.php\/wp-json\/wp\/v2\/pages\/39"}],"collection":[{"href":"https:\/\/www.roboptic.fr\/index.php\/wp-json\/wp\/v2\/pages"}],"about":[{"href":"https:\/\/www.roboptic.fr\/index.php\/wp-json\/wp\/v2\/types\/page"}],"author":[{"embeddable":true,"href":"https:\/\/www.roboptic.fr\/index.php\/wp-json\/wp\/v2\/users\/1"}],"replies":[{"embeddable":true,"href":"https:\/\/www.roboptic.fr\/index.php\/wp-json\/wp\/v2\/comments?post=39"}],"version-history":[{"count":47,"href":"https:\/\/www.roboptic.fr\/index.php\/wp-json\/wp\/v2\/pages\/39\/revisions"}],"predecessor-version":[{"id":1080,"href":"https:\/\/www.roboptic.fr\/index.php\/wp-json\/wp\/v2\/pages\/39\/revisions\/1080"}],"wp:attachment":[{"href":"https:\/\/www.roboptic.fr\/index.php\/wp-json\/wp\/v2\/media?parent=39"}],"curies":[{"name":"wp","href":"https:\/\/api.w.org\/{rel}","templated":true}]}}