{"id":152,"date":"2018-01-22T16:19:15","date_gmt":"2018-01-22T15:19:15","guid":{"rendered":"https:\/\/www.roboptic.fr\/\/?page_id=152"},"modified":"2018-01-22T16:28:55","modified_gmt":"2018-01-22T15:28:55","slug":"mentions-legales","status":"publish","type":"page","link":"https:\/\/www.roboptic.fr\/index.php\/mentions-legales\/","title":{"rendered":"Mentions l\u00e9gales"},"content":{"rendered":"<h2>Site propos\u00e9 par :<\/h2>\n<p><strong>Roboptic<\/strong><br \/>\nBatiment des Hautes Technologies<br \/>\n20 Rue Benoit Lauras<br \/>\n42000 SAINT ETIENNE<br \/>\nFRANCE<br \/>\n+33 6 18 11 20 43<br \/>\n<a href=\"mailto:contact@roboptic.fr\">contact@roboptic.fr<\/a><\/p>\n<p>&nbsp;<\/p>\n<div align = \"justify\">\n<strong>Directeur de publication : Mr COGNET<\/strong><br \/>\n<strong>Contact :<\/strong> <a href=\"mailto:contact@roboptic.fr\">contact@roboptic.fr<\/a><br \/>\n<\/a><strong>Webdesign et r\u00e9alisation du site :<\/strong> <strong>ROBOPTIC<\/strong><br \/>\n<strong>H\u00e9bergement :<\/strong> <a href=\"http:\/\/www.OVH.com\/\" target=\"_blank\">OVH<\/a><\/p>\n<h3>Informatique et libert\u00e9s<\/h3>\n<p>Les donn\u00e9es personnelles relatives aux clients, recueillies par l\u2019interm\u00e9diaire des diff\u00e9rents formulaires ne sont destin\u00e9es qu\u2019\u00e0 un usage exclusif de <strong>ROBOPTIC<\/strong> dans le cadre de la mise en oeuvre de ses services.\u00a0<strong>ROBOPTIC<\/strong> conserve les donn\u00e9es personnelles des utilisateurs sur ses propres serveurs et s\u2019engage \u00e0 maintenir strictement confidentielles les donn\u00e9es personnelles recueillies.<\/p>\n<p>Conform\u00e9ment aux dispositions de la Loi n\u00b0 78-17 du 6 janvier 1978 relative \u00e0 l\u2019informatique, aux fichiers et aux libert\u00e9s, les utilisateurs disposent suivant l\u2019Article 34 de la Loi du 6 janvier 1978 d\u2019un droit d\u2019acc\u00e8s aux donn\u00e9es qui les concernent, ainsi que d\u2019un droit de modification et de suppression de celles-ci. Il leur suffit, pour exercer ce droit, d\u2019adresser un courrier postal ou un e-mail \u00e0\u00a0<strong>ROBOPTIC<\/strong> aux coordonn\u00e9es ci-dessus.<\/p>\n<h3>Propri\u00e9t\u00e9 intellectuelle<\/h3>\n<p>L\u2019utilisateur s\u2019engage \u00e0 ne pas reproduire, r\u00e9sumer, modifier, alt\u00e9rer ou rediffuser, sans autorisation expresse pr\u00e9alable de l\u2019\u00e9diteur, quelque texte, titre, application, logo, marque, information ou illustration, pour un usage autre que strictement priv\u00e9, ce qui exclut toute repr\u00e9sentation \u00e0 des fins professionnelles ou de rediffusion en nombre. De m\u00eame, l\u2019utilisateur s\u2019engage \u00e0 ne pas recopier tout ou partie du site sur un autre site ou un r\u00e9seau interne d\u2019entreprise.<\/p>\n<h3>CONDITIONS D\u2019UTILISATION DU SITE<\/h3>\n<p>Vous consultez actuellement le site de <strong>ROBOPTIC<\/strong>.<br \/>\nL\u2019utilisation de ce site vaut acceptation des conditions d\u2019utilisation pr\u00e9sentes.<br \/>\nContact pour toute question sur l\u2019utilisation du site : <a href=\"mailto:contact@roboptic.fr\">contact@roboptic.fr<\/a><\/p>\n<h3>Le contenu du site<\/h3>\n<p>Le site, les textes, les images, les sons, les photos, les graphiques, les fichiers t\u00e9l\u00e9chargeables et plus g\u00e9n\u00e9ralement tous les objets contenus dans le site sont la propri\u00e9t\u00e9 exclusive de\u00a0<strong>PC Vision Ing\u00e9nierie<\/strong> et\/ou des auteurs mentionn\u00e9s. Ce site et les \u00e9l\u00e9ments qui le composent constituent des \u0153uvres prot\u00e9g\u00e9es par la l\u00e9gislation fran\u00e7aise et les conventions internationales relatives au droit d\u2019auteur et \u00e0 la propri\u00e9t\u00e9 intellectuelle.<br \/>\nLa reproduction du site ou des \u00e9l\u00e9ments qui le composent pris individuellement est interdite sauf autorisation expresse pr\u00e9alable du directeur de publication. Pour toute reproduction autoris\u00e9e ou toute citation, devra \u00eatre mentionn\u00e9e le nom de l\u2019auteur(e) et la source.<\/p>\n<h3>Les formulaires d\u2019envoi<\/h3>\n<p>Les messages adress\u00e9s \u00e0 ce site par le biais de formulaire d\u2019envoi sont utilis\u00e9s \u00e0 la seule fin du traitement du message, et ne seront pas communiqu\u00e9s \u00e0 des tiers sans l\u2019accord de l\u2019\u00e9metteur. Ces messages seront conserv\u00e9s pour la dur\u00e9e de traitement de la question pos\u00e9e. Le site Internet de\u00a0<strong>ROBOPTIC<\/strong> n\u2019offrant pas de dispositif particulier de s\u00e9curisation (transfert de fichiers, transfert de donn\u00e9es), l\u2019exp\u00e9diteur d\u2019une question ou d\u2019un document confidentiel ou sensible devra privil\u00e9gier la voie postale.<\/p>\n<h3><strong><span class=\"grasbleuclair\">Les liens hypertextes<\/span><\/strong><\/h3>\n<p>La cr\u00e9ation de tout lien hypertexte en direction du site devra faire l\u2019objet d\u2019une autorisation expresse pr\u00e9alable du directeur de la publication.<br \/>\nCette autorisation pr\u00e9alable vaut aussi bien pour la cr\u00e9ation :<br \/>\n\u2013 d\u2019un lien hypertexte sur la page de garde dans une nouvelle fen\u00eatre du navigateur,<br \/>\n\u2013 d\u2019un lien vers une page int\u00e9rieure du site,<br \/>\n\u2013 d\u2019un lien \u00e0 travers des fen\u00eatres (framing),<br \/>\n\u2013 d\u2019un lien vers un objet contenu dans le site (inlining),<br \/>\net plus g\u00e9n\u00e9ralement de toute technique de cr\u00e9ation de lien hypertexte.\n<\/p><\/div>\n<p><\/br><\/br><\/br><\/p>\n","protected":false},"excerpt":{"rendered":"<p>Site propos\u00e9 par : Roboptic Batiment des Hautes Technologies 20 Rue Benoit Lauras 42000 SAINT ETIENNE FRANCE +33 6 18 11 20 43 contact@roboptic.fr &nbsp; Directeur de publication : Mr COGNET Contact : contact@roboptic.fr Webdesign et r\u00e9alisation du site : ROBOPTIC H\u00e9bergement : OVH Informatique et libert\u00e9s Les donn\u00e9es personnelles relatives aux clients, recueillies par l\u2019interm\u00e9diaire des diff\u00e9rents formulaires ne sont destin\u00e9es qu\u2019\u00e0 un usage exclusif de ROBOPTIC dans le\u2026<\/p>\n","protected":false},"author":2,"featured_media":0,"parent":0,"menu_order":0,"comment_status":"closed","ping_status":"closed","template":"","meta":[],"_links":{"self":[{"href":"https:\/\/www.roboptic.fr\/index.php\/wp-json\/wp\/v2\/pages\/152"}],"collection":[{"href":"https:\/\/www.roboptic.fr\/index.php\/wp-json\/wp\/v2\/pages"}],"about":[{"href":"https:\/\/www.roboptic.fr\/index.php\/wp-json\/wp\/v2\/types\/page"}],"author":[{"embeddable":true,"href":"https:\/\/www.roboptic.fr\/index.php\/wp-json\/wp\/v2\/users\/2"}],"replies":[{"embeddable":true,"href":"https:\/\/www.roboptic.fr\/index.php\/wp-json\/wp\/v2\/comments?post=152"}],"version-history":[{"count":5,"href":"https:\/\/www.roboptic.fr\/index.php\/wp-json\/wp\/v2\/pages\/152\/revisions"}],"predecessor-version":[{"id":155,"href":"https:\/\/www.roboptic.fr\/index.php\/wp-json\/wp\/v2\/pages\/152\/revisions\/155"}],"wp:attachment":[{"href":"https:\/\/www.roboptic.fr\/index.php\/wp-json\/wp\/v2\/media?parent=152"}],"curies":[{"name":"wp","href":"https:\/\/api.w.org\/{rel}","templated":true}]}}