{"id":117,"date":"2018-01-22T15:58:05","date_gmt":"2018-01-22T14:58:05","guid":{"rendered":"https:\/\/www.roboptic.fr\/\/?page_id=117"},"modified":"2021-05-28T08:32:45","modified_gmt":"2021-05-28T07:32:45","slug":"presentation","status":"publish","type":"page","link":"https:\/\/www.roboptic.fr\/index.php\/presentation\/","title":{"rendered":"Pr\u00e9sentation"},"content":{"rendered":"<div align=\"justify\">\n<p><strong>Une offre de service compl\u00e8te<\/strong><\/p>\n<p>Install\u00e9e dans le centre-ville de Saint-Etienne, Roboptic est une soci\u00e9t\u00e9 d\u2019engineering qui offre des solutions performantes et sur-mesure dans le domaine de la robotique afin de contr\u00f4ler votre process, de r\u00e9duire vos co\u00fbts de fabrication et d\u2019optimiser votre productivit\u00e9.<strong> Nous sommes une PME dynamique experte en vision industrielle et en robotique s\u2019appuyant sur une exp\u00e9rience de plus de 15 ans.<\/strong><\/p>\n<p><strong>Notre volont\u00e9 est d\u2019accompagner vos projets en proposant des solutions, fiables et \u00e9volutives.<\/strong><\/p>\n<p>Notre mission s\u2019\u00e9tend de l\u2019\u00e9tude de faisabilit\u00e9 \u00e0 la conception et l\u2019int\u00e9gration d\u2019un syst\u00e8me robotique directement sur vos lignes de production, jusqu\u2019\u00e0 la maintenance et la formation.<\/p>\n<p>Nous pouvons vous proposer un syst\u00e8me de vision standard \u00e0 installer sur une ligne existante, une cellule robotis\u00e9e compl\u00e8te dirig\u00e9e par des cam\u00e9ras ou encore des postes de vision sur-mesure.<\/p>\n<p>Nous nous adaptons pour r\u00e9pondre au plus pr\u00e8s des besoins de nos clients.<\/p>\n<p>Nous travaillons principalement avec des robots industriels de marques FANUC, ABB et KUKA.<\/p>\n<p><img loading=\"lazy\" class=\"alignnone size-full wp-image-358\" src=\"https:\/\/www.roboptic.fr\/wp-content\/uploads\/2021\/03\/Robot.png\" alt=\"\" width=\"1894\" height=\"655\" srcset=\"https:\/\/www.roboptic.fr\/wp-content\/uploads\/2021\/03\/Robot.png 1894w, https:\/\/www.roboptic.fr\/wp-content\/uploads\/2021\/03\/Robot-300x104.png 300w, https:\/\/www.roboptic.fr\/wp-content\/uploads\/2021\/03\/Robot-768x266.png 768w, https:\/\/www.roboptic.fr\/wp-content\/uploads\/2021\/03\/Robot-1024x354.png 1024w, https:\/\/www.roboptic.fr\/wp-content\/uploads\/2021\/03\/Robot-800x277.png 800w\" sizes=\"(max-width: 1894px) 100vw, 1894px\" \/><\/p>\n<p>Nous pouvons \u00e9galement utiliser d\u2019autres marques de robots en fonction de vos projets.<\/p>\n<p>Nous pouvons r\u00e9pondre \u00e0 des demandes sur des marques de robots comme :\u00a0<span style=\"font-size: 1rem;\">STAUBLI,\u00a0<\/span><span style=\"font-size: 1rem;\">YASKAWA,\u00a0<\/span>MITSUBISHI, &#8230;<\/p>\n<p>Nous utilisons aussi des robots collaboratifs de la marque UNIVERSAL ROBOT.<\/p>\n<p>Nous travaillons principalement avec les suites de logiciels COGNEX sur lesquelles nous sommes form\u00e9s\u00a0:<\/p>\n<ul>\n<li>INSIGHT pour les cam\u00e9ras automates<\/li>\n<li>VPRO pour les cam\u00e9ras base PC<\/li>\n<li>VIDI pour d\u00e9velopper des r\u00e9seaux de neurones et r\u00e9pondre \u00e0 des applications sp\u00e9cifiques<\/li>\n<li>COGNEX DESIGNER, une application qui permet d&rsquo;utiliser VPRO et VIDI dans une m\u00eame interface<\/li>\n<\/ul>\n<\/div>\n\n\n<div class=\"wp-block-image\"><figure class=\"aligncenter size-large is-resized\"><img src=\"https:\/\/www.roboptic.fr\/wp-content\/uploads\/2021\/03\/Cam-1024x556.png\" alt=\"\" class=\"wp-image-680\" width=\"800\" srcset=\"https:\/\/www.roboptic.fr\/wp-content\/uploads\/2021\/03\/Cam-1024x556.png 1024w, https:\/\/www.roboptic.fr\/wp-content\/uploads\/2021\/03\/Cam-300x163.png 300w, https:\/\/www.roboptic.fr\/wp-content\/uploads\/2021\/03\/Cam-768x417.png 768w, https:\/\/www.roboptic.fr\/wp-content\/uploads\/2021\/03\/Cam-1536x835.png 1536w, https:\/\/www.roboptic.fr\/wp-content\/uploads\/2021\/03\/Cam-800x435.png 800w, https:\/\/www.roboptic.fr\/wp-content\/uploads\/2021\/03\/Cam.png 1625w\" sizes=\"(max-width: 1024px) 100vw, 1024px\" \/><\/figure><\/div>\n","protected":false},"excerpt":{"rendered":"<p>Une offre de service compl\u00e8te Install\u00e9e dans le centre-ville de Saint-Etienne, Roboptic est une soci\u00e9t\u00e9 d\u2019engineering qui offre des solutions performantes et sur-mesure dans le domaine de la robotique afin de contr\u00f4ler votre process, de r\u00e9duire vos co\u00fbts de fabrication et d\u2019optimiser votre productivit\u00e9. Nous sommes une PME dynamique experte en vision industrielle et en robotique s\u2019appuyant sur une exp\u00e9rience de plus de 15 ans. Notre volont\u00e9 est d\u2019accompagner vos\u2026<\/p>\n","protected":false},"author":2,"featured_media":0,"parent":0,"menu_order":0,"comment_status":"closed","ping_status":"closed","template":"","meta":[],"_links":{"self":[{"href":"https:\/\/www.roboptic.fr\/index.php\/wp-json\/wp\/v2\/pages\/117"}],"collection":[{"href":"https:\/\/www.roboptic.fr\/index.php\/wp-json\/wp\/v2\/pages"}],"about":[{"href":"https:\/\/www.roboptic.fr\/index.php\/wp-json\/wp\/v2\/types\/page"}],"author":[{"embeddable":true,"href":"https:\/\/www.roboptic.fr\/index.php\/wp-json\/wp\/v2\/users\/2"}],"replies":[{"embeddable":true,"href":"https:\/\/www.roboptic.fr\/index.php\/wp-json\/wp\/v2\/comments?post=117"}],"version-history":[{"count":18,"href":"https:\/\/www.roboptic.fr\/index.php\/wp-json\/wp\/v2\/pages\/117\/revisions"}],"predecessor-version":[{"id":1046,"href":"https:\/\/www.roboptic.fr\/index.php\/wp-json\/wp\/v2\/pages\/117\/revisions\/1046"}],"wp:attachment":[{"href":"https:\/\/www.roboptic.fr\/index.php\/wp-json\/wp\/v2\/media?parent=117"}],"curies":[{"name":"wp","href":"https:\/\/api.w.org\/{rel}","templated":true}]}}